{"id":1016,"date":"2023-02-04T15:39:14","date_gmt":"2023-02-04T15:39:14","guid":{"rendered":"https:\/\/buergerverein-grenzach-wyhlen.de\/?page_id=1016"},"modified":"2023-02-04T15:53:01","modified_gmt":"2023-02-04T15:53:01","slug":"industriekulturpfad-grenzach-wyhlen","status":"publish","type":"page","link":"https:\/\/buergerverein-grenzach-wyhlen.de\/?page_id=1016","title":{"rendered":"Industrie+Kultur+Pfad Grenzach-Wyhlen"},"content":{"rendered":"\n<figure class=\"wp-block-image size-large\"><img data-recalc-dims=\"1\" fetchpriority=\"high\" decoding=\"async\" width=\"1024\" height=\"366\" src=\"https:\/\/i0.wp.com\/buergerverein-grenzach-wyhlen.de\/wp-content\/uploads\/2022\/06\/Horizont-Grenzach.jpg?resize=1024%2C366&#038;ssl=1\" alt=\"\" class=\"wp-image-690\" srcset=\"https:\/\/i0.wp.com\/buergerverein-grenzach-wyhlen.de\/wp-content\/uploads\/2022\/06\/Horizont-Grenzach.jpg?resize=1024%2C366&amp;ssl=1 1024w, https:\/\/i0.wp.com\/buergerverein-grenzach-wyhlen.de\/wp-content\/uploads\/2022\/06\/Horizont-Grenzach.jpg?resize=300%2C107&amp;ssl=1 300w, https:\/\/i0.wp.com\/buergerverein-grenzach-wyhlen.de\/wp-content\/uploads\/2022\/06\/Horizont-Grenzach.jpg?resize=768%2C274&amp;ssl=1 768w, https:\/\/i0.wp.com\/buergerverein-grenzach-wyhlen.de\/wp-content\/uploads\/2022\/06\/Horizont-Grenzach.jpg?w=1400&amp;ssl=1 1400w\" sizes=\"(max-width: 1000px) 100vw, 1000px\" \/><\/figure>\n\n\n\n<p class=\"has-text-align-center\">Industrie+Kultur+Pfad Grenzach-Wyhlen:<br>Soda, Farben, Vitamine und viel mehr.<br>Ein Projekt des B\u00fcrgervereins 2023<br>1 Das Ganze in K\u00fcrze<br>Das Naturschutzgebiet Altrhein ist heute ein wertvolles Brutgebiet f\u00fcr viele<br>Vogelarten. Es ist ein Kind unserer Industrie, entstanden, weil mutige Pioniere ein<br>Kraftwerk in den Rhein gestellt haben. Heute wird an dieser Stelle auch schon<br>Wasserstoff produziert: Die Schl\u00fcsseltechnik f\u00fcr die epochal neue Energieversorgung<br>nach dem Jahrhundert der Kohle- und Erd\u00f6lnutzung.<br>Der Altrhein mit dem Kraftwerk ist deshalb idealer Ausgangspunkt f\u00fcr einen<br>Industriekultur-Spaziergang durch unsere Gemeinde Grenzach-Wyhlen.<br>In der vollen Ausbaustufe wird dieser Weg vom Kraftwerk \u00fcber die Solvay und den<br>Eisenbau \u00fcber die Ziegelhofstra\u00dfe zu den Steinbr\u00fcchen oberhalb des Schulzentrums<br>f\u00fchren, von dort \u00fcber die Steingasse zum Grenzacher Industrieareal der Roche, von<br>DSM, Bayer und BASF \u2013 und zur Kesslergrube. Als Rundweg f\u00fchrt er am Rheinufer<br>zur\u00fcck zum Altrhein.<br>In unseren zwei D\u00f6rfern ist industriegeschichtlich Gro\u00dfes geschehen. Es sind<br>epochale Meilensteine der Menschheitsentwicklung seit der Mitte des 19.<br>Jahrhunderts zu dokumentieren. Soda hat die hygienischen Verh\u00e4ltnisse in Europa<br>signifikant verbessert, weil sie Seife zum billigen Massenprodukt hat werden lassen.<br>Die Vitaminproduktion ist ein gro\u00dfer pharmakologische Fortschritt, aktuelle<br>Entwicklungen wie Substanzen zum Sonnenschutz der Haut sind wesentliche<br>Beitr\u00e4ge zum Wohlergehen der Menschen.<br>Mit der Station Kesslergrube k\u00f6nnen wir auch einen Blick in die Zukunft der<br>Industriekultur zum Beginn des 3. Jahrtausends wagen. Wir k\u00f6nnen eine<br>klimaneutrale und \u00f6kologisch freundliche chemische Industrie betreiben.<br>2 Was sofort m\u00f6glich ist<br>Der B\u00fcrgerverein Grenzach-Wyhlen kann aus eigener Kraft den Verbindungsweg<br>zwischen Ziegelhofstra\u00dfe und Steingasse f\u00fcr die \u00d6ffentlichkeit zug\u00e4nglich machen<br>und erste Infotafeln bereitstellen: Kalksteinbr\u00fcche liegen am Weg \u2013 und das Atelier<br>des Kunstmalers Josef Hauser. Zum 50-j\u00e4hrigen Gemeindejubil\u00e4um hoffen wir,<br>diesen Teil des INDUSTRIEKULTUR-Pfads einweihen zu k\u00f6nnen.<br>Der weitere Ausbau gelingt, wenn die Bev\u00f6lkerung und die heute ans\u00e4ssigen<br>Unternehmen das Projekt unterst\u00fctzen. Daf\u00fcr werden wir uns einsetzen.<br>Grenzach-Wyhlen, im Januar 2023<br>Michael Nopper, Alexandra Rainer, Monika Buchmann<br>f\u00fcr den Vorstand des B\u00fcrgervereins Grenzach-Wyhlen e. V.<\/p>\n\n\n\n<figure class=\"wp-block-image aligncenter size-large\"><img data-recalc-dims=\"1\" decoding=\"async\" width=\"1024\" height=\"364\" src=\"https:\/\/i0.wp.com\/buergerverein-grenzach-wyhlen.de\/wp-content\/uploads\/2023\/02\/Bild-2076_veraendert.jpg?resize=1024%2C364&#038;ssl=1\" alt=\"\" class=\"wp-image-1022\" srcset=\"https:\/\/i0.wp.com\/buergerverein-grenzach-wyhlen.de\/wp-content\/uploads\/2023\/02\/Bild-2076_veraendert.jpg?resize=1024%2C364&amp;ssl=1 1024w, https:\/\/i0.wp.com\/buergerverein-grenzach-wyhlen.de\/wp-content\/uploads\/2023\/02\/Bild-2076_veraendert.jpg?resize=300%2C107&amp;ssl=1 300w, https:\/\/i0.wp.com\/buergerverein-grenzach-wyhlen.de\/wp-content\/uploads\/2023\/02\/Bild-2076_veraendert.jpg?resize=768%2C273&amp;ssl=1 768w, https:\/\/i0.wp.com\/buergerverein-grenzach-wyhlen.de\/wp-content\/uploads\/2023\/02\/Bild-2076_veraendert.jpg?w=1405&amp;ssl=1 1405w\" sizes=\"(max-width: 1000px) 100vw, 1000px\" \/><\/figure>\n","protected":false},"excerpt":{"rendered":"<p>Industrie+Kultur+Pfad Grenzach-Wyhlen:Soda, Farben, Vitamine und viel mehr.Ein Projekt des B\u00fcrgervereins 20231 Das Ganze in K\u00fcrzeDas Naturschutzgebiet Altrhein ist heute ein wertvolles Brutgebiet f\u00fcr vieleVogelarten. Es ist ein Kind unserer Industrie, [&hellip;]<\/p>\n","protected":false},"author":3,"featured_media":0,"parent":0,"menu_order":0,"comment_status":"open","ping_status":"closed","template":"","meta":{"_EventAllDay":false,"_EventTimezone":"","_EventStartDate":"","_EventEndDate":"","_EventStartDateUTC":"","_EventEndDateUTC":"","_EventShowMap":false,"_EventShowMapLink":false,"_EventURL":"","_EventCost":"","_EventCostDescription":"","_EventCurrencySymbol":"","_EventCurrencyCode":"","_EventCurrencyPosition":"","_EventDateTimeSeparator":"","_EventTimeRangeSeparator":"","_EventOrganizerID":[],"_EventVenueID":[],"_OrganizerEmail":"","_OrganizerPhone":"","_OrganizerWebsite":"","_VenueAddress":"","_VenueCity":"","_VenueCountry":"","_VenueProvince":"","_VenueState":"","_VenueZip":"","_VenuePhone":"","_VenueURL":"","_VenueStateProvince":"","_VenueLat":"","_VenueLng":"","_VenueShowMap":false,"_VenueShowMapLink":false,"footnotes":""},"class_list":["post-1016","page","type-page","status-publish","hentry"],"jetpack_sharing_enabled":true,"_links":{"self":[{"href":"https:\/\/buergerverein-grenzach-wyhlen.de\/index.php?rest_route=\/wp\/v2\/pages\/1016","targetHints":{"allow":["GET"]}}],"collection":[{"href":"https:\/\/buergerverein-grenzach-wyhlen.de\/index.php?rest_route=\/wp\/v2\/pages"}],"about":[{"href":"https:\/\/buergerverein-grenzach-wyhlen.de\/index.php?rest_route=\/wp\/v2\/types\/page"}],"author":[{"embeddable":true,"href":"https:\/\/buergerverein-grenzach-wyhlen.de\/index.php?rest_route=\/wp\/v2\/users\/3"}],"replies":[{"embeddable":true,"href":"https:\/\/buergerverein-grenzach-wyhlen.de\/index.php?rest_route=%2Fwp%2Fv2%2Fcomments&post=1016"}],"version-history":[{"count":3,"href":"https:\/\/buergerverein-grenzach-wyhlen.de\/index.php?rest_route=\/wp\/v2\/pages\/1016\/revisions"}],"predecessor-version":[{"id":1034,"href":"https:\/\/buergerverein-grenzach-wyhlen.de\/index.php?rest_route=\/wp\/v2\/pages\/1016\/revisions\/1034"}],"wp:attachment":[{"href":"https:\/\/buergerverein-grenzach-wyhlen.de\/index.php?rest_route=%2Fwp%2Fv2%2Fmedia&parent=1016"}],"curies":[{"name":"wp","href":"https:\/\/api.w.org\/{rel}","templated":true}]}}