{"id":317,"date":"2022-01-31T17:45:43","date_gmt":"2022-01-31T17:45:43","guid":{"rendered":"https:\/\/buergerverein-grenzach-wyhlen.de\/?page_id=317"},"modified":"2022-06-12T07:40:49","modified_gmt":"2022-06-12T07:40:49","slug":"satzung-des-buergervereins-grenzach-wyhlen","status":"publish","type":"page","link":"https:\/\/buergerverein-grenzach-wyhlen.de\/?page_id=317","title":{"rendered":"Satzung des B\u00fcrgervereins Grenzach-Wyhlen"},"content":{"rendered":"\n<p>Liebe Freunde und Freundinnen, liebe Mitglieder im B\u00fcrgerverein Grenzach-Wyhlen,<br><br>es war eine schwere Etappe auf dem Weg zu unserer Gr\u00fcndung, aber endlich k\u00f6nnen wir unsere Gemeinn\u00fctzigkeit feiern. Wir haben einen Satzungsentwurf, den das Finanzamt L\u00f6rrach nach wochenlangen Verhandlungen als gemeinn\u00fctzig akzeptiert hat.<br><br>Die wesentliche Ver\u00e4nderung zu der von uns auf der Gr\u00fcndungsversammlung verabschiedeten Satzung besteht darin, dass das Vereinsziel klarer formuliert ist.<br><em>NEU:&nbsp;Zweck des Vereins ist die F\u00f6rderung der Ortsversch\u00f6nerung und die F\u00f6rderung des b\u00fcrgerschaftlichen Engagements zugunsten gemeinn\u00fctziger Zwecke.&nbsp;<\/em>Zur F\u00f6rderung der Ortsversch\u00f6nerung geh\u00f6ren u. a. auch grundlegende Ma\u00dfnahmen der Landschafts-, Heimat-, und Denkmalpflege sowie des Naturschutzes zur Verbesserung der \u00f6rtlichen Lebensqualit\u00e4t (z. B. Unterhaltung von \u00f6ffentlichen Parkanlagen und Lehrpfaden zur Regionalgeschichte).<br><br>Die vom Finanzamt als zu offen bezeichnete Formulierung bisher lautete:<br><br><em>Der Zweck des Vereins ist die ideelle und materielle F\u00f6rderung von Projekten in Grenzach-Wyhlen, die dem Gemeinwesen dienen. Der Satzungszweck wird insbesondere verwirklicht durch projektbezogene Arbeiten.<\/em><\/p>\n\n\n\n<p>1 Name, Sitz und Gesch\u00e4ftsjahr<\/p>\n\n\n\n<ol class=\"wp-block-list\"><li>Der Verein f\u00fchrt den Namen <strong>B\u00fcrgerverein Grenzach-Wyhlen<\/strong>. Der Verein erlangt Rechtsf\u00e4higkeit durch Eintrag in das Vereinsregister des Amtsgerichts L\u00f6rrach. Nach der Eintragung f\u00fchrt er den Zusatz \u201ee.V.\u201c.<\/li><li>Der Verein hat seinen Sitz in Grenzach-Wyhlen.<\/li><li>Das Gesch\u00e4ftsjahr ist das Kalenderjahr.<\/li><\/ol>\n\n\n\n<p>\u00a7 2 Zweck, Gemeinn\u00fctzigkeit des Vereins<\/p>\n\n\n\n<ol class=\"wp-block-list\"><li>Der Verein verfolgt ausschlie\u00dflich und unmittelbar gemeinn\u00fctzige Zwecke im Sinne des Abschnitts \u201cSteuerbeg\u00fcnstige Zwecke\u201d der Abgabenordnung (AO).<\/li><li>Zweck des Vereins ist die F\u00f6rderung der Ortsversch\u00f6nerung und die F\u00f6rderung des b\u00fcrgerschaftlichen Engagements zugunsten gemeinn\u00fctziger Zwecke.<\/li><\/ol>\n\n\n\n<p>Der Satzungszweck wird insbesondere verwirklicht durch<\/p>\n\n\n\n<ul class=\"wp-block-list\"><li>Aktive Unterst\u00fctzung von Ma\u00dfnahmen und Einrichtungen, die dazu dienen, das Ortsbild zu versch\u00f6nern und die Lebensqualit\u00e4t in der Gemeinde zu verbessern (bspw. Sitzplatzgestaltungen, Bau und Pflege von Trockensteinmauern, Anpflanzungen von B\u00e4umen). Hierzu sollen vor allem Anregungen aus der B\u00fcrgerschaft aufgenommen, diskutiert und umgesetzt werden.<\/li><li>Der Satzungszweck soll zudem durch Zusammenarbeit mit Gremien der Verwaltung der Gemeinde Grenzach-Wyhlen und Institutionen mit gleichen oder \u00e4hnlichen Zielsetzungen wie die des B\u00fcrgervereins erreicht werden.<\/li><li>Der Verein betreibt auch \u00d6ffentlichkeitsarbeit hinsichtlich seiner Satzungszwecke.<\/li><li>Die Unterst\u00fctzung von Projekten erfolgt mit der Arbeitskraft der Mitglieder oder Hilfskr\u00e4ften des B\u00fcrgervereins.<\/li><\/ul>\n\n\n\n<p>Des Weiteren hat der B\u00fcrgerverein das Ziel eine B\u00fcrgerstiftung zu gr\u00fcnden.<\/p>\n\n\n\n<p>Die Aufgaben des Vereins werden unter Wahrung der politischen und konfessionellen Neutralit\u00e4t ausge\u00fcbt.<\/p>\n\n\n\n<ol class=\"wp-block-list\" start=\"3\"><li>Der Verein ist selbstlos t\u00e4tig und verfolgt nicht in erster Linie eigenwirtschaftliche Zwecke. Mittel des Vereins d\u00fcrfen nur f\u00fcr satzungsm\u00e4\u00dfigen Zwecke verwendet werden. Die Mitglieder erhalten in ihrer Eigenschaft als Mitglieder keine Zuwendungen aus Mitteln des Vereins. Es darf keine Person durch Ausgaben, die dem Zweck des Vereins fremd sind oder durch unverh\u00e4ltnism\u00e4\u00dfig hohe Verg\u00fctung beg\u00fcnstigt werden.<\/li><li>Ehrenamtlich t\u00e4tige Personen haben nur Anspruch auf Ersatz nachgewiesener Auslagen im Rahmen der steuerlichen Freibetr\u00e4ge.<\/li><\/ol>\n\n\n\n<p>\u00a7 3 Erwerb der Mitgliedschaft<\/p>\n\n\n\n<ol class=\"wp-block-list\"><li>Mitglied des Vereins kann jede nat\u00fcrliche und juristische Person werden.<\/li><li>Die Aufnahme in den Verein ist schriftlich beim Vorstand in Form eines Mitgliedantrags zu stellen. Bei Minderj\u00e4hrigen ist die Aufnahme durch die Sorgeberechtigten zu beantragen. Der Vorstand entscheidet \u00fcber den Antrag nach freiem Ermessen. Eine Ablehnung des Antrags muss gegen\u00fcber dem Antragsteller nicht begr\u00fcndet werden.<\/li><li>Auf Vorschlag des Vorstandes kann die Mitgliederversammlung Mitglieder oder sonstige Personen, die sich um den Verein besonders verdient gemacht haben, zu Ehrenmitgliedern auf Lebenszeit ernennen.<\/li><\/ol>\n\n\n\n<p>\u00a7 4 Beendigung der Mitgliedschaft<\/p>\n\n\n\n<ol class=\"wp-block-list\"><li>Die Mitgliedschaft im Verein endet durch Tod, Austritt oder Ausschluss.<\/li><li>Der Austritt ist schriftlich gegen\u00fcber dem Vorstand zu erkl\u00e4ren. Der Austritt kann nur mit einer Frist von drei Monaten zum Ende des Gesch\u00e4ftsjahres erkl\u00e4rt werden.<\/li><li>Ein Mitglied kann durch Beschluss der Mitgliederversammlung aus dem Verein ausgeschlossen werden, wenn es entweder schuldhaft das Ansehen oder die Interessen des Vereins in schwerwiegender Weise sch\u00e4digt oder mit seinen Mitgliedsbeitr\u00e4gen im R\u00fcckstand ist und trotz schriftlicher Mahnung unter Androhung des Ausschlusses die R\u00fcckst\u00e4nde nicht eingezahlt hat. Der Ausschluss ist dem Mitglied unter Beif\u00fcgung einer Begr\u00fcndung in Schriftform mitzuteilen. Dem Mitglied ist zuvor rechtliches Geh\u00f6r zu gew\u00e4hren. Das Mitglied kann innerhalb einer Frist von zwei Wochen ab Zugang der Ausschlussentscheidung die Entscheidung der Mitgliederversammlung \u00fcber den Ausschluss beantragen. Das Mitglied ist befugt, seine Auffassung in der Mitgliederversammlung selbst darzustellen oder darstellen zu lassen.<\/li><\/ol>\n\n\n\n<p>\u00a7 5 Rechte und Pflichten der Mitglieder<\/p>\n\n\n\n<ol class=\"wp-block-list\"><li>Jedes Mitglied hat das Recht an gemeinsamen Veranstaltungen teilzunehmen. Jedes Mitglied hat gleiches Stimm- und Wahlrecht in der Mitgliederversammlung. Minderj\u00e4hrige werden dabei von ihren Sorgeberechtigten vertreten.<\/li><li>Jedes Mitglied hat die Pflicht, die Interessen des Vereins zu f\u00f6rdern,<\/li><\/ol>\n\n\n\n<p>regelm\u00e4\u00dfig seine Mitgliedsbeitr\u00e4ge zu leisten und, soweit es in seinen Kr\u00e4ften steht, das Vereinsleben durch seine Mitarbeit zu unterst\u00fctzen.<\/p>\n\n\n\n<p>\u00a7 6 Mitgliedsbeitr\u00e4ge<\/p>\n\n\n\n<ol class=\"wp-block-list\"><li>Jedes Mitglied hat einen im Voraus f\u00e4lligen Jahresbeitrag in H\u00f6he von 20 EURO zu entrichten.<\/li><li>Ehrenmitglieder sind von den Mitgliedsbeitr\u00e4gen befreit.<\/li><li>Sch\u00fcler und Studenten sind von den Mitgliedsbeitr\u00e4gen befreit.<\/li><li>Ein Mitglied kann in Ausnahmef\u00e4llen zeitweise vom Mitgliedsbeitrag befreit werden. Hierzu ist beim Vorstand ein Antrag zu stellen, \u00fcber den dieser dann entscheidet.<\/li><\/ol>\n\n\n\n<p>\u00a7 7 Organe des Vereins<\/p>\n\n\n\n<p>Organe des Vereins sind der Vorstand, die Mitgliederversammlung und der\/die Schatzmeister\/in.<\/p>\n\n\n\n<p>\u00a7 8 Vorstand<\/p>\n\n\n\n<ol class=\"wp-block-list\"><li>Der Vorstand besteht aus:<\/li><\/ol>\n\n\n\n<ul class=\"wp-block-list\"><li>der\/dem Vorsitzende\/n<\/li><li>den stellvertretenden Vorsitzenden,<\/li><li>der\/dem Schatzmeister\/in.<\/li><li>Es k\u00f6nnen bis zu f\u00fcnf stimmberechtigten Beisitzende zus\u00e4tzlich in den Vorstand gew\u00e4hlt werden.<\/li><\/ul>\n\n\n\n<ol class=\"wp-block-list\" start=\"2\"><li>Der\/die Vorsitzende\/n, ihr\/sein Stellvertreter\/in und die\/der Schatzmeister\/in vertreten jeweils den Verein allein.<\/li><\/ol>\n\n\n\n<p>\u00a7 9 Aufgaben des Vorstands<\/p>\n\n\n\n<p>Der Vorstand vertritt den Verein nach \u00a7 26 BGB (B\u00fcrgerliches Gesetzbuch) und f\u00fchrt seine Gesch\u00e4fte. Er hat insbesondere folgende Aufgaben:<\/p>\n\n\n\n<ul class=\"wp-block-list\"><li>Einberufung und Vorbereitung der Mitgliederversammlung einschlie\u00dflich der Aufstellung der Tagesordnung<\/li><li>die Ausf\u00fchrung von Beschl\u00fcssen der Mitgliederversammlung<\/li><li>die Verwaltung des Vereinsverm\u00f6gens und die Anfertigung des Jahresberichts sowie<\/li><li>die Aufnahme neuer Mitglieder<\/li><\/ul>\n\n\n\n<p>\u00a7 10 Wahl des Vorstands<\/p>\n\n\n\n<ol class=\"wp-block-list\"><li>Die Mitglieder des Vorstands werden von der Mitgliederversammlung f\u00fcr die Dauer von zwei Jahren einzeln gew\u00e4hlt. Mitglieder des Vorstands k\u00f6nnen nur Mitglieder des Vereins sein.<\/li><li>Die Wiederwahl oder die vorzeitige Abberufung eines Mitglieds durch die Mitgliederversammlung ist zul\u00e4ssig. Ein Mitglied bleibt nach Ablauf der regul\u00e4ren Amtszeit bis zur Wahl seines Nachfolgers im Amt.<\/li><li>Scheidet ein Mitglied vorzeitig aus dem Vorstand aus, so sind die verbleibenden Mitglieder des Vorstands berechtigt, ein Mitglied des Vereins bis zur Wahl des Nachfolgers durch die Mitgliederversammlung in den Vorstand zu w\u00e4hlen.<\/li><\/ol>\n\n\n\n<p>\u00a7 11 Beratung und Beschlussfassung des Vorstands<\/p>\n\n\n\n<ol class=\"wp-block-list\"><li>Der Vorstand tritt nach Bedarf zusammen. Die Sitzungen werden von der\/dem Vorsitzende\/n oder der Stellvertretung einberufen. Hierzu sollte m\u00f6glichst eine Frist von mindestens einer Woche eingehalten werden. Der Vorstand ist beschlussf\u00e4hig, wenn mindestens zwei der Mitglieder an der Sitzung teilnehmen. Bei der Beschlussfassung entscheidet die Mehrheit der abgegebenen g\u00fcltigen Stimmen. Bei Stimmengleichheit entscheidet die Stimme der\/des Vorsitzende\/n.<\/li><li>Virtuelle Sitzungen sind zugelassen.<\/li><li>Die Beschl\u00fcsse sind zu protokollieren. Das Protokoll ist von dem jeweils vom Vorstand bestimmenden Protokollf\u00fchrer zu unterzeichnen.<\/li><\/ol>\n\n\n\n<p>\u00a7 12 Kassenf\u00fchrung<\/p>\n\n\n\n<p>Die\/der Kassier\/in verwaltet die Kasse des Vereins. Sie\/er ist f\u00fcr die \u00dcberwachung s\u00e4mtlicher Einnahmen und Ausgaben verantwortlich. Sie\/er hat dar\u00fcber Buch zu f\u00fchren und verwaltet die dazugeh\u00f6rigen Belege. Es ist j\u00e4hrlich ein Kassenbericht auf der Mitgliederversammlung zu halten.<\/p>\n\n\n\n<p>\u00a7 13 Kassenpr\u00fcfung<\/p>\n\n\n\n<p>Die Mitgliederversammlung w\u00e4hlt f\u00fcr die Dauer von einem Jahr eine\/n Kassenpr\u00fcfer\/in. Diese\/r darf nicht Mitglied des Vorstands sein. Die Wiederwahl ist zul\u00e4ssig. Der\/die Kassenpr\u00fcfer\/in hat mindestens einmal im Jahr Buchf\u00fchrung und Kasse hinsichtlich rechnerischer Richtigkeit und \u00dcbereinstimmung mit Zweck und Aufgaben des Vereins, so wie er sich nach den Beschl\u00fcssen des Vorstandes und der Mitgliederversammlung darstellt, zu pr\u00fcfen. In der ordentlichen Mitgliederversammlung haben sie den Rechnungspr\u00fcfungsbericht abzugeben. Dieser hat sich nicht nur auf das abgelaufene Vereinsjahr, sondern auch auf den Zeitraum des laufenden Vereinsjahres bis zur Generalversammlung zu beziehen.<\/p>\n\n\n\n<p>\u00a7 14 Aufgaben der Mitgliederversammlung<\/p>\n\n\n\n<p>Die Mitgliederversammlung ist das oberste Vereinsorgan und zust\u00e4ndig f\u00fcr folgende Entscheidungen<\/p>\n\n\n\n<ul class=\"wp-block-list\"><li>\u00c4nderungen der Vereinssatzung,<\/li><li>die Festsetzung der Mitgliedsbeitr\u00e4ge,<\/li><li>die Ernennung von Ehrenmitgliedern,<\/li><li>Ausschluss von Mitgliedern aus dem Verein,<\/li><li>die Wahl und die Abberufung der Mitglieder des Vorstands und der Kassenpr\u00fcfung sowie<\/li><li>die Aufl\u00f6sung des Vereins.<\/li><\/ul>\n\n\n\n<p>\u00a7 15 Einberufung der Mitgliederversammlung<\/p>\n\n\n\n<ol class=\"wp-block-list\"><li>Mindestens einmal im Jahr ist vom Vorstand eine ordentliche Mitgliederversammlung einzuberufen. Die Einladung hierzu erfolgt in Texform per Brief oder per E-Mail unter Einhaltung einer Frist von zwei Wochen mit Zusendung der Tagesordnung.<\/li><li>Die Tagesordnung wird vom Vorstand festgelegt. Jedes Vereinsmitglied kann bis sp\u00e4testens einer Woche vor der Mitgliederversammlung beim Vorstand schriftlich eine Erg\u00e4nzung der Tagesordnung beantragen. \u00dcber den Antrag entscheidet der Vorstand. \u00dcber Antr\u00e4ge zur Tagesordnung, die vom Vorstand nicht aufgenommen wurden oder die erstmals in der Mitgliederversammlung gestellt werden, entscheidet die Mitgliederversammlung mit der Mehrheit der Stimmen der anwesenden Mitglieder. Dies gilt nicht f\u00fcr Antr\u00e4ge, die eine \u00c4nderung der Satzung, \u00c4nderungen der Mitgliedsbeitr\u00e4ge oder die Aufl\u00f6sung des Vereins zum Gegenstand haben.<\/li><li>Eine au\u00dferordentliche Mitgliederversammlung ist vom Vorstand einzuberufen, wenn es das Interesse des Vereins erfordert oder wenn mindestens ein Zehntel der Mitglieder dies schriftlich unter Angaben des Zwecks und der Gr\u00fcnde beantragt.<\/li><\/ol>\n\n\n\n<p>\u00a7 16 Beschlussfassung und Wahlen in der Mitgliederversammlung<\/p>\n\n\n\n<ol class=\"wp-block-list\"><li>Die Mitgliederversammlung wird von einem Vorstandsmitglied geleitet.<\/li><li>Die Mitgliederversammlung ist beschlussf\u00e4hig unabh\u00e4ngig von der Anzahl der erschienen Vereinsmitglieder. Hierauf ist in der Einladung hinzuweisen.<\/li><li>Die Mitgliederversammlung kann in offener Abstimmung mit der Mehrheit der Stimmen der anwesenden Mitglieder w\u00e4hlen. Sollte die Mehrheit der anwesenden Mitglieder eine geheime Wahl w\u00fcnschen, ist diese so auszuf\u00fchren. Kann bei Wahlen kein Kandidat die Mehrheit der Stimmen der anwesenden Mitglieder auf sich vereinen, ist gew\u00e4hlt, wer die Mehrheit der abgegebenen g\u00fcltigen Stimmen erhalten hat; zwischen mehreren Kandidaten ist eine Stichwahl durchzuf\u00fchren.<\/li><li>Beschl\u00fcsse werden mit einfacher Mehrheit der abgegebenen Stimmen gefasst, es sein denn, die Satzung schreibt qualifizierte Mehrheiten vor (Satzungs\u00e4nderung, Aufl\u00f6sung des Vereins).<\/li><li>Sofern die Beschlussfassung die Vornahme eines Rechtsgesch\u00e4fts oder die Einleitung oder die Erledigung eines Rechtsstreits mit oder gegen\u00fcber einem Mitglied oder dessen Ausschluss aus dem Verein betrifft, ist dieses nicht stimmberechtigt.<\/li><li>Beschl\u00fcsse, die eine \u00c4nderung der Satzung fordern, bed\u00fcrfen der Mehrheit von drei Vierteln, der Beschluss \u00fcber die \u00c4nderung des Zwecks oder die Aufl\u00f6sung des Vereins der Zustimmung von neun Zehnteln der anwesenden Mitglieder.<\/li><li>\u00dcber den Ablauf der Mitgliederversammlung und die gefassten Beschl\u00fcsse ist ein Protokoll zu fertigen, das von der\/dem Protokollf\u00fchrer\/in und von der\/dem Versammlungsleiter\/in zu unterschreiben ist.<\/li><\/ol>\n\n\n\n<p>\u00a7 17 Aufl\u00f6sung des Vereins, Beendigung aus anderen Gr\u00fcnden, Wegfall<\/p>\n\n\n\n<ol class=\"wp-block-list\"><li>Bei Aufl\u00f6sung des Vereins erfolgt Liquidation durch die zum Zeitpunkt des Aufl\u00f6sungsbeschlusses amtierenden Vorstandsmitglieder oder die von der Mitgliederversammlung bestimmte Person.<\/li><li>Die Aufl\u00f6sung des Vereins kann nur in er einer au\u00dferordentlichen Mitgliederversammlung beschlossen werden.<\/li><li>Bei Aufl\u00f6sung des Vereins oder bei Wegfall steuerbeg\u00fcnstigter Zwecke f\u00e4llt das Verm\u00f6gen des Vereins an die Gemeinde Grenzach-Wyhlen, die es unmittelbar und ausschlie\u00dflich f\u00fcr gemeinn\u00fctzige Zwecke im Sinne von \u00a7 2 dieser Satzung zu verwenden hat.<\/li><li>Die vorstehenden Bestimmungen gelten entsprechend, wenn dem Verein die Rechtsf\u00e4higkeit entzogen wurde.<\/li><\/ol>\n\n\n\n<p>\u00a7 16 Haftung<\/p>\n\n\n\n<p>F\u00fcr Fragen der Haftung gelten die Vorschriften des BGB entsprechend.<\/p>\n\n\n\n<p>___________________________<\/p>\n\n\n\n<p>Datum, Ort<\/p>\n\n\n\n<p>Wir m\u00fcssen diese Satzungs\u00e4nderung in einer Mitgliederversammlung beschlie\u00dfen und wir hoffen, dass der gro\u00dfz\u00fcgig bemessene Platz im Schulzentrum eine coronasichere Versammlung erm\u00f6glicht. Auf Wunsch der Anwesenden k\u00f6nnen wir die Versammlung im Freien abhalten &#8211; oder in sehr gut gel\u00fcfteten R\u00e4umen, in denen gro\u00dfe Abst\u00e4nde m\u00f6glich sind.<\/p>\n\n\n\n<p>Wir freuen uns \u00fcber euer Erscheinen und feiern unsere Gr\u00fcndung und Gemeinn\u00fctzigkeit mit dem vom B\u00fcrgerverein selbst hergestellten Most!<\/p>\n","protected":false},"excerpt":{"rendered":"<p>Liebe Freunde und Freundinnen, liebe Mitglieder im B\u00fcrgerverein Grenzach-Wyhlen, es war eine schwere Etappe auf dem Weg zu unserer Gr\u00fcndung, aber endlich k\u00f6nnen wir unsere Gemeinn\u00fctzigkeit feiern. Wir haben einen [&hellip;]<\/p>\n","protected":false},"author":3,"featured_media":0,"parent":4,"menu_order":0,"comment_status":"open","ping_status":"closed","template":"","meta":{"_EventAllDay":false,"_EventTimezone":"","_EventStartDate":"","_EventEndDate":"","_EventStartDateUTC":"","_EventEndDateUTC":"","_EventShowMap":false,"_EventShowMapLink":false,"_EventURL":"","_EventCost":"","_EventCostDescription":"","_EventCurrencySymbol":"","_EventCurrencyCode":"","_EventCurrencyPosition":"","_EventDateTimeSeparator":"","_EventTimeRangeSeparator":"","_EventOrganizerID":[],"_EventVenueID":[],"_OrganizerEmail":"","_OrganizerPhone":"","_OrganizerWebsite":"","_VenueAddress":"","_VenueCity":"","_VenueCountry":"","_VenueProvince":"","_VenueState":"","_VenueZip":"","_VenuePhone":"","_VenueURL":"","_VenueStateProvince":"","_VenueLat":"","_VenueLng":"","_VenueShowMap":false,"_VenueShowMapLink":false,"footnotes":""},"class_list":["post-317","page","type-page","status-publish","hentry"],"jetpack_sharing_enabled":true,"_links":{"self":[{"href":"https:\/\/buergerverein-grenzach-wyhlen.de\/index.php?rest_route=\/wp\/v2\/pages\/317","targetHints":{"allow":["GET"]}}],"collection":[{"href":"https:\/\/buergerverein-grenzach-wyhlen.de\/index.php?rest_route=\/wp\/v2\/pages"}],"about":[{"href":"https:\/\/buergerverein-grenzach-wyhlen.de\/index.php?rest_route=\/wp\/v2\/types\/page"}],"author":[{"embeddable":true,"href":"https:\/\/buergerverein-grenzach-wyhlen.de\/index.php?rest_route=\/wp\/v2\/users\/3"}],"replies":[{"embeddable":true,"href":"https:\/\/buergerverein-grenzach-wyhlen.de\/index.php?rest_route=%2Fwp%2Fv2%2Fcomments&post=317"}],"version-history":[{"count":3,"href":"https:\/\/buergerverein-grenzach-wyhlen.de\/index.php?rest_route=\/wp\/v2\/pages\/317\/revisions"}],"predecessor-version":[{"id":595,"href":"https:\/\/buergerverein-grenzach-wyhlen.de\/index.php?rest_route=\/wp\/v2\/pages\/317\/revisions\/595"}],"up":[{"embeddable":true,"href":"https:\/\/buergerverein-grenzach-wyhlen.de\/index.php?rest_route=\/wp\/v2\/pages\/4"}],"wp:attachment":[{"href":"https:\/\/buergerverein-grenzach-wyhlen.de\/index.php?rest_route=%2Fwp%2Fv2%2Fmedia&parent=317"}],"curies":[{"name":"wp","href":"https:\/\/api.w.org\/{rel}","templated":true}]}}