{"id":355,"date":"2022-02-08T12:42:54","date_gmt":"2022-02-08T12:42:54","guid":{"rendered":"https:\/\/buergerverein-grenzach-wyhlen.de\/?page_id=355"},"modified":"2022-02-08T12:42:56","modified_gmt":"2022-02-08T12:42:56","slug":"einladung","status":"publish","type":"page","link":"https:\/\/buergerverein-grenzach-wyhlen.de\/?page_id=355","title":{"rendered":"EINLADUNG"},"content":{"rendered":"\n<p>Mit der satzungsgem\u00e4\u00dfen Frist von zwei Wochen laden wir alle herzlich ein zur<\/p>\n\n\n\n<p>Mitgliederversammlung des B\u00fcrgervereins Grenzach-Wyhlen<\/p>\n\n\n\n<p>am Mittwoch, 16. Februar 2022 um 19 Uhr im Foyer des Schulzentrums, Kantstr. 1<\/p>\n\n\n\n<p>Die Mitgliederversammlung ist beschlussf\u00e4hig unabh\u00e4ngig von der Zahl der anwesenden Mitglieder.<\/p>\n\n\n\n<p>Tagesordnung<\/p>\n\n\n\n<p>1 Begr\u00fc\u00dfung und&nbsp; Er\u00f6ffnung<\/p>\n\n\n\n<p>2 Diskussion zur Satzungs\u00e4nderung <\/p>\n\n\n\n<p>3 Beschluss \u00fcber die Satzungs\u00e4nderung<\/p>\n\n\n\n<p>4 Verschiedenes<\/p>\n\n\n\n<p>F\u00fcr den Vorstand des B\u00fcrgervereins Grenzach-Wyhlen<\/p>\n\n\n\n<p>Michael Nopper und Alexandra Rainer<\/p>\n","protected":false},"excerpt":{"rendered":"<p>Mit der satzungsgem\u00e4\u00dfen Frist von zwei Wochen laden wir alle herzlich ein zur Mitgliederversammlung des B\u00fcrgervereins Grenzach-Wyhlen am Mittwoch, 16. Februar 2022 um 19 Uhr im Foyer des Schulzentrums, Kantstr. [&hellip;]<\/p>\n","protected":false},"author":3,"featured_media":0,"parent":0,"menu_order":0,"comment_status":"closed","ping_status":"closed","template":"","meta":{"_EventAllDay":false,"_EventTimezone":"","_EventStartDate":"","_EventEndDate":"","_EventStartDateUTC":"","_EventEndDateUTC":"","_EventShowMap":false,"_EventShowMapLink":false,"_EventURL":"","_EventCost":"","_EventCostDescription":"","_EventCurrencySymbol":"","_EventCurrencyCode":"","_EventCurrencyPosition":"","_EventDateTimeSeparator":"","_EventTimeRangeSeparator":"","_EventOrganizerID":[],"_EventVenueID":[],"_OrganizerEmail":"","_OrganizerPhone":"","_OrganizerWebsite":"","_VenueAddress":"","_VenueCity":"","_VenueCountry":"","_VenueProvince":"","_VenueState":"","_VenueZip":"","_VenuePhone":"","_VenueURL":"","_VenueStateProvince":"","_VenueLat":"","_VenueLng":"","_VenueShowMap":false,"_VenueShowMapLink":false,"footnotes":""},"class_list":["post-355","page","type-page","status-publish","hentry"],"jetpack_sharing_enabled":true,"_links":{"self":[{"href":"https:\/\/buergerverein-grenzach-wyhlen.de\/index.php?rest_route=\/wp\/v2\/pages\/355","targetHints":{"allow":["GET"]}}],"collection":[{"href":"https:\/\/buergerverein-grenzach-wyhlen.de\/index.php?rest_route=\/wp\/v2\/pages"}],"about":[{"href":"https:\/\/buergerverein-grenzach-wyhlen.de\/index.php?rest_route=\/wp\/v2\/types\/page"}],"author":[{"embeddable":true,"href":"https:\/\/buergerverein-grenzach-wyhlen.de\/index.php?rest_route=\/wp\/v2\/users\/3"}],"replies":[{"embeddable":true,"href":"https:\/\/buergerverein-grenzach-wyhlen.de\/index.php?rest_route=%2Fwp%2Fv2%2Fcomments&post=355"}],"version-history":[{"count":2,"href":"https:\/\/buergerverein-grenzach-wyhlen.de\/index.php?rest_route=\/wp\/v2\/pages\/355\/revisions"}],"predecessor-version":[{"id":389,"href":"https:\/\/buergerverein-grenzach-wyhlen.de\/index.php?rest_route=\/wp\/v2\/pages\/355\/revisions\/389"}],"wp:attachment":[{"href":"https:\/\/buergerverein-grenzach-wyhlen.de\/index.php?rest_route=%2Fwp%2Fv2%2Fmedia&parent=355"}],"curies":[{"name":"wp","href":"https:\/\/api.w.org\/{rel}","templated":true}]}}