{"id":796,"date":"2022-07-04T18:43:24","date_gmt":"2022-07-04T18:43:24","guid":{"rendered":"https:\/\/buergerverein-grenzach-wyhlen.de\/?page_id=796"},"modified":"2022-07-04T18:53:17","modified_gmt":"2022-07-04T18:53:17","slug":"natur-trifft-kultur","status":"publish","type":"page","link":"https:\/\/buergerverein-grenzach-wyhlen.de\/?page_id=796","title":{"rendered":"Natur trifft Kultur"},"content":{"rendered":"\n<figure class=\"wp-block-image aligncenter size-full\"><img data-recalc-dims=\"1\" fetchpriority=\"high\" decoding=\"async\" width=\"500\" height=\"484\" src=\"https:\/\/i0.wp.com\/buergerverein-grenzach-wyhlen.de\/wp-content\/uploads\/2022\/06\/IMG_4405.jpg?resize=500%2C484&#038;ssl=1\" alt=\"\" class=\"wp-image-738\" srcset=\"https:\/\/i0.wp.com\/buergerverein-grenzach-wyhlen.de\/wp-content\/uploads\/2022\/06\/IMG_4405.jpg?w=500&amp;ssl=1 500w, https:\/\/i0.wp.com\/buergerverein-grenzach-wyhlen.de\/wp-content\/uploads\/2022\/06\/IMG_4405.jpg?resize=300%2C290&amp;ssl=1 300w\" sizes=\"(max-width: 500px) 100vw, 500px\" \/><\/figure>\n\n\n\n<p class=\"has-text-align-center\"><strong>Ein Netzwerk aktiver B\u00fcrger, Gruppen und Vereine bietet am 23.Juli von 11:00 bis 17:00 Uhr ein buntes Programm<\/strong> <strong>rund um Kunst, Kultur und Natur in Grenzach-Wyhlen.<\/strong><\/p>\n\n\n\n<p class=\"has-text-align-center\">Herr <strong>B\u00fcrgermeister Dr. Benz<\/strong> \u00fcbernimmt die Schirmherrschaft und wird um 11:00 Uhr mit einem Gru\u00dfwort starten. Der <strong>BUND Ortsverband<\/strong> bietet eine F\u00fchrung zu den B\u00e4umen und deren Besonderheiten (Beginn 15:00 Uhr) an. Die Baumexperten Pfefferer und Voss werden einige besondere Arten im Emilienpark und seiner n\u00e4heren Umgebung vorstellen, beginnend mit den beiden stattlichen Rosskastanien. Im Park finden sich auch Baumarten wie Tulpenbaum und Japanischer Schnurbaum, zu denen der Toxikologe und Dendrologe Voss manche Anekdote zu berichten wei\u00df.<\/p>\n\n\n\n<p class=\"has-text-align-center\">Der <strong>K\u00fcnstlerkreis<\/strong> stellt Kunst im Park unter sch\u00f6nen schattigen B\u00e4umen aus. Nach der erfolgreichen Ausstellung im letzten Sommer in Wyhlen bietet der Emilienpark dieses Jahr einen sommerlichen Raum f\u00fcr die Bilder und Objekte. Bei den <strong>Naturfreunden<\/strong> gibt es Kaffee und Kuchen, Getr\u00e4nke und Snacks und das Angebot der Familienzeit im Naturfreundehaus erg\u00e4nzt das Programm f\u00fcr Gro\u00df und Klein. Das <strong>Familienzentrum Grenzach-Wyhlen<\/strong> ist mit den Rikschafahrten mit von der Partie. Der <strong>F\u00f6rderverein Emilianum<\/strong> zeigt im neuen Museum neben dem Quellenh\u00e4uschen die aktuelle Ausstellung &#8220;125 Jahre Roche&#8221; und bietet dort F\u00fchrungen an. Geschichten zur Grenzacher Zehnttrotte erz\u00e4hlt Herr Bauckner vom <strong>Verein f\u00fcr Heimatgeschichte<\/strong> (Beginn 13:00 Uhr) &#8230; <\/p>\n\n\n\n<p class=\"has-text-align-center\">&#8230; und wir stellen unser neues Projekt Brunnenpatenschaften vor mit einer Diashow von Kurt Paulus.<\/p>\n\n\n\n<p><strong>Ein vielf\u00e4ltiges Programm f\u00fcr Alt und Jung, Natur- und Kulturentdecker.<\/strong><\/p>\n\n\n\n<p><strong>11:00 Uhr Gru\u00dfwort B\u00fcrgermeister Dr. Benz<\/strong><\/p>\n\n\n\n<p><strong>13:00 Uhr F\u00fchrung: &#8220;Geschichten zur Grenzacher Zehnttrotte (Bauckner)<\/strong><\/p>\n\n\n\n<p><strong>15:00 Uhr F\u00fchrung: &#8220;B\u00e4ume und ihre Besonderheiten&#8221; (Pfefferer &amp; Voss)<\/strong><\/p>\n\n\n\n<p><strong>Wir freuen uns <\/strong>auf euch!<\/p>\n","protected":false},"excerpt":{"rendered":"<p>Ein Netzwerk aktiver B\u00fcrger, Gruppen und Vereine bietet am 23.Juli von 11:00 bis 17:00 Uhr ein buntes Programm rund um Kunst, Kultur und Natur in Grenzach-Wyhlen. Herr B\u00fcrgermeister Dr. Benz [&hellip;]<\/p>\n","protected":false},"author":3,"featured_media":0,"parent":0,"menu_order":0,"comment_status":"closed","ping_status":"closed","template":"","meta":{"_EventAllDay":false,"_EventTimezone":"","_EventStartDate":"","_EventEndDate":"","_EventStartDateUTC":"","_EventEndDateUTC":"","_EventShowMap":false,"_EventShowMapLink":false,"_EventURL":"","_EventCost":"","_EventCostDescription":"","_EventCurrencySymbol":"","_EventCurrencyCode":"","_EventCurrencyPosition":"","_EventDateTimeSeparator":"","_EventTimeRangeSeparator":"","_EventOrganizerID":[],"_EventVenueID":[],"_OrganizerEmail":"","_OrganizerPhone":"","_OrganizerWebsite":"","_VenueAddress":"","_VenueCity":"","_VenueCountry":"","_VenueProvince":"","_VenueState":"","_VenueZip":"","_VenuePhone":"","_VenueURL":"","_VenueStateProvince":"","_VenueLat":"","_VenueLng":"","_VenueShowMap":false,"_VenueShowMapLink":false,"footnotes":""},"class_list":["post-796","page","type-page","status-publish","hentry"],"jetpack_sharing_enabled":true,"_links":{"self":[{"href":"https:\/\/buergerverein-grenzach-wyhlen.de\/index.php?rest_route=\/wp\/v2\/pages\/796","targetHints":{"allow":["GET"]}}],"collection":[{"href":"https:\/\/buergerverein-grenzach-wyhlen.de\/index.php?rest_route=\/wp\/v2\/pages"}],"about":[{"href":"https:\/\/buergerverein-grenzach-wyhlen.de\/index.php?rest_route=\/wp\/v2\/types\/page"}],"author":[{"embeddable":true,"href":"https:\/\/buergerverein-grenzach-wyhlen.de\/index.php?rest_route=\/wp\/v2\/users\/3"}],"replies":[{"embeddable":true,"href":"https:\/\/buergerverein-grenzach-wyhlen.de\/index.php?rest_route=%2Fwp%2Fv2%2Fcomments&post=796"}],"version-history":[{"count":3,"href":"https:\/\/buergerverein-grenzach-wyhlen.de\/index.php?rest_route=\/wp\/v2\/pages\/796\/revisions"}],"predecessor-version":[{"id":803,"href":"https:\/\/buergerverein-grenzach-wyhlen.de\/index.php?rest_route=\/wp\/v2\/pages\/796\/revisions\/803"}],"wp:attachment":[{"href":"https:\/\/buergerverein-grenzach-wyhlen.de\/index.php?rest_route=%2Fwp%2Fv2%2Fmedia&parent=796"}],"curies":[{"name":"wp","href":"https:\/\/api.w.org\/{rel}","templated":true}]}}