{"id":854,"date":"2022-09-03T08:58:42","date_gmt":"2022-09-03T08:58:42","guid":{"rendered":"https:\/\/buergerverein-grenzach-wyhlen.de\/?page_id=854"},"modified":"2023-08-06T13:01:52","modified_gmt":"2023-08-06T13:01:52","slug":"schuere","status":"publish","type":"page","link":"https:\/\/buergerverein-grenzach-wyhlen.de\/?page_id=854","title":{"rendered":"B\u00fcrgersch\u00fcre"},"content":{"rendered":"\n<p class=\"has-text-align-center\">Das Haus Nr. 15 in der Rheinstra\u00dfe ist als &#8220;Gasthaus Krone&#8221; zwischen 1732 und 1818 \u00fcberliefert. Es ist von Mitgliedern der Wyhlener Familie D\u00f6blin betrieben worden. 1871 wurde das heutige Haus erstellt, nachdem die ehemalige Wirtschaft abgebrannt war. <\/p>\n\n\n\n<p class=\"has-text-align-center\">1998 besuchte Ewald Kaiser zusammen mit Erhard Richter dieses Haus und besonders dessen selten gro\u00dfen Gew\u00f6lbekeller. Er misst 93 m<sup>2<\/sup> und einen Vorkeller mit 18m<sup>2<\/sup> (111 m<sup>2<\/sup> bei einer durchschnittlichen H\u00f6he von 3,50 m und machten auf die Erhaltungsw\u00fcrdigkeit aufmerksam.<\/p>\n\n\n\n<figure class=\"wp-block-image aligncenter size-full\"><img data-recalc-dims=\"1\" fetchpriority=\"high\" decoding=\"async\" width=\"950\" height=\"521\" src=\"https:\/\/i0.wp.com\/buergerverein-grenzach-wyhlen.de\/wp-content\/uploads\/2022\/09\/Schuere1.jpg?resize=950%2C521&#038;ssl=1\" alt=\"\" class=\"wp-image-855\" srcset=\"https:\/\/i0.wp.com\/buergerverein-grenzach-wyhlen.de\/wp-content\/uploads\/2022\/09\/Schuere1.jpg?w=950&amp;ssl=1 950w, https:\/\/i0.wp.com\/buergerverein-grenzach-wyhlen.de\/wp-content\/uploads\/2022\/09\/Schuere1.jpg?resize=300%2C165&amp;ssl=1 300w, https:\/\/i0.wp.com\/buergerverein-grenzach-wyhlen.de\/wp-content\/uploads\/2022\/09\/Schuere1.jpg?resize=768%2C421&amp;ssl=1 768w\" sizes=\"(max-width: 950px) 100vw, 950px\" \/><\/figure>\n\n\n\n<p class=\"has-text-align-center\">Wir k\u00f6nnen folgendes Nutzungskonzept entwerfen.<\/p>\n\n\n\n<ul class=\"wp-block-list\">\n<li>Die Sch\u00fcre bleibt erhalten und wird so gestaltet\/ge\u00f6ffnet, dass ein Fu\u00dfg\u00e4ngerverkehr von der Rheinstr. zum neuen Dorfplatz m\u00f6glich ist.<\/li>\n\n\n\n<li>Sie bietet auch dann noch genug Raum f\u00fcr Ausstellungen usw.<\/li>\n\n\n\n<li>Unmittelbar jetzt kann die Majolika von Josef Hauser in der Sch\u00fcre platziert werden.<\/li>\n\n\n\n<li>Die Bezeichnungen &#8220;Dorfmuseum&#8221; und &#8220;Kulturscheune&#8221; treffen den Kern der Sache nicht. Wir bevorzugen &#8220;B\u00fcrgersch\u00fcre&#8221;.<\/li>\n\n\n\n<li>Die B\u00fcrgersch\u00fcre und ihr direktes Umfeld k\u00f6nnen viele Funktionen haben: Sammlung (Fortf\u00fchrung des Mus\u00e9e Sentimental), Caf\u00e9, Straussi, Veranstaltungsort \u2026<\/li>\n<\/ul>\n","protected":false},"excerpt":{"rendered":"<p>Das Haus Nr. 15 in der Rheinstra\u00dfe ist als &#8220;Gasthaus Krone&#8221; zwischen 1732 und 1818 \u00fcberliefert. Es ist von Mitgliedern der Wyhlener Familie D\u00f6blin betrieben worden. 1871 wurde das heutige [&hellip;]<\/p>\n","protected":false},"author":3,"featured_media":0,"parent":0,"menu_order":0,"comment_status":"closed","ping_status":"closed","template":"","meta":{"_EventAllDay":false,"_EventTimezone":"","_EventStartDate":"","_EventEndDate":"","_EventStartDateUTC":"","_EventEndDateUTC":"","_EventShowMap":false,"_EventShowMapLink":false,"_EventURL":"","_EventCost":"","_EventCostDescription":"","_EventCurrencySymbol":"","_EventCurrencyCode":"","_EventCurrencyPosition":"","_EventDateTimeSeparator":"","_EventTimeRangeSeparator":"","_EventOrganizerID":[],"_EventVenueID":[],"_OrganizerEmail":"","_OrganizerPhone":"","_OrganizerWebsite":"","_VenueAddress":"","_VenueCity":"","_VenueCountry":"","_VenueProvince":"","_VenueState":"","_VenueZip":"","_VenuePhone":"","_VenueURL":"","_VenueStateProvince":"","_VenueLat":"","_VenueLng":"","_VenueShowMap":false,"_VenueShowMapLink":false,"footnotes":""},"class_list":["post-854","page","type-page","status-publish","hentry"],"jetpack_sharing_enabled":true,"_links":{"self":[{"href":"https:\/\/buergerverein-grenzach-wyhlen.de\/index.php?rest_route=\/wp\/v2\/pages\/854","targetHints":{"allow":["GET"]}}],"collection":[{"href":"https:\/\/buergerverein-grenzach-wyhlen.de\/index.php?rest_route=\/wp\/v2\/pages"}],"about":[{"href":"https:\/\/buergerverein-grenzach-wyhlen.de\/index.php?rest_route=\/wp\/v2\/types\/page"}],"author":[{"embeddable":true,"href":"https:\/\/buergerverein-grenzach-wyhlen.de\/index.php?rest_route=\/wp\/v2\/users\/3"}],"replies":[{"embeddable":true,"href":"https:\/\/buergerverein-grenzach-wyhlen.de\/index.php?rest_route=%2Fwp%2Fv2%2Fcomments&post=854"}],"version-history":[{"count":5,"href":"https:\/\/buergerverein-grenzach-wyhlen.de\/index.php?rest_route=\/wp\/v2\/pages\/854\/revisions"}],"predecessor-version":[{"id":1161,"href":"https:\/\/buergerverein-grenzach-wyhlen.de\/index.php?rest_route=\/wp\/v2\/pages\/854\/revisions\/1161"}],"wp:attachment":[{"href":"https:\/\/buergerverein-grenzach-wyhlen.de\/index.php?rest_route=%2Fwp%2Fv2%2Fmedia&parent=854"}],"curies":[{"name":"wp","href":"https:\/\/api.w.org\/{rel}","templated":true}]}}