{"id":995,"date":"2023-02-04T11:19:09","date_gmt":"2023-02-04T11:19:09","guid":{"rendered":"https:\/\/buergerverein-grenzach-wyhlen.de\/?page_id=995"},"modified":"2023-02-04T15:34:56","modified_gmt":"2023-02-04T15:34:56","slug":"die-brunnen-von-grenzach-wyhlen","status":"publish","type":"page","link":"https:\/\/buergerverein-grenzach-wyhlen.de\/?page_id=995","title":{"rendered":"Die Brunnen von Grenzach-Wyhlen"},"content":{"rendered":"\n<p class=\"has-text-align-center\">\u201eUnser Projekt \u201eBrunnenpatenschaften\u201c nimmt Fahrt auf. Am 20. April zeigt uns der Werkhof, wie man richtig Brunnen reinigt. Ein gro\u00dfes Danke an all die Leute, die schon seit Jahren Brunnen reinigen und versch\u00f6nern. B\u00fcrgermeister Dr. Benz bot an, die Brunnenpaten sollen sich Blumenschmuck und Blumenk\u00e4sten \u00fcberlegen, die Gemeinde w\u00fcrde daf\u00fcr die Kosten \u00fcbernehmen.<\/p>\n\n\n<iframe class=\"embed-pdf-viewer\" src=\"https:\/\/buergerverein-grenzach-wyhlen.de\/wp-content\/uploads\/2023\/01\/Liste-oeffentliche-Brunnen.pdf\" height=\"800\" width=\"690\" title=\"Liste-oeffentliche-Brunnen\"><\/iframe>","protected":false},"excerpt":{"rendered":"<p>\u201eUnser Projekt \u201eBrunnenpatenschaften\u201c nimmt Fahrt auf. Am 20. April zeigt uns der Werkhof, wie man richtig Brunnen reinigt. Ein gro\u00dfes Danke an all die Leute, die schon seit Jahren Brunnen [&hellip;]<\/p>\n","protected":false},"author":3,"featured_media":0,"parent":0,"menu_order":0,"comment_status":"closed","ping_status":"closed","template":"","meta":{"_EventAllDay":false,"_EventTimezone":"","_EventStartDate":"","_EventEndDate":"","_EventStartDateUTC":"","_EventEndDateUTC":"","_EventShowMap":false,"_EventShowMapLink":false,"_EventURL":"","_EventCost":"","_EventCostDescription":"","_EventCurrencySymbol":"","_EventCurrencyCode":"","_EventCurrencyPosition":"","_EventDateTimeSeparator":"","_EventTimeRangeSeparator":"","_EventOrganizerID":[],"_EventVenueID":[],"_OrganizerEmail":"","_OrganizerPhone":"","_OrganizerWebsite":"","_VenueAddress":"","_VenueCity":"","_VenueCountry":"","_VenueProvince":"","_VenueState":"","_VenueZip":"","_VenuePhone":"","_VenueURL":"","_VenueStateProvince":"","_VenueLat":"","_VenueLng":"","_VenueShowMap":false,"_VenueShowMapLink":false,"footnotes":""},"class_list":["post-995","page","type-page","status-publish","hentry"],"jetpack_sharing_enabled":true,"_links":{"self":[{"href":"https:\/\/buergerverein-grenzach-wyhlen.de\/index.php?rest_route=\/wp\/v2\/pages\/995","targetHints":{"allow":["GET"]}}],"collection":[{"href":"https:\/\/buergerverein-grenzach-wyhlen.de\/index.php?rest_route=\/wp\/v2\/pages"}],"about":[{"href":"https:\/\/buergerverein-grenzach-wyhlen.de\/index.php?rest_route=\/wp\/v2\/types\/page"}],"author":[{"embeddable":true,"href":"https:\/\/buergerverein-grenzach-wyhlen.de\/index.php?rest_route=\/wp\/v2\/users\/3"}],"replies":[{"embeddable":true,"href":"https:\/\/buergerverein-grenzach-wyhlen.de\/index.php?rest_route=%2Fwp%2Fv2%2Fcomments&post=995"}],"version-history":[{"count":2,"href":"https:\/\/buergerverein-grenzach-wyhlen.de\/index.php?rest_route=\/wp\/v2\/pages\/995\/revisions"}],"predecessor-version":[{"id":1018,"href":"https:\/\/buergerverein-grenzach-wyhlen.de\/index.php?rest_route=\/wp\/v2\/pages\/995\/revisions\/1018"}],"wp:attachment":[{"href":"https:\/\/buergerverein-grenzach-wyhlen.de\/index.php?rest_route=%2Fwp%2Fv2%2Fmedia&parent=995"}],"curies":[{"name":"wp","href":"https:\/\/api.w.org\/{rel}","templated":true}]}}